{"id":6038,"date":"2023-07-28T08:48:19","date_gmt":"2023-07-28T06:48:19","guid":{"rendered":"https:\/\/www.imalpal.com\/?page_id=6038"},"modified":"2026-03-31T09:47:52","modified_gmt":"2026-03-31T07:47:52","slug":"mwaves-for-plastic","status":"publish","type":"page","link":"https:\/\/staging.imalpal.com\/it\/mwaves-for-plastic\/","title":{"rendered":"Mwaves for plastic"},"content":{"rendered":"<div data-elementor-type=\"wp-page\" data-elementor-id=\"6038\" class=\"elementor elementor-6038\" data-elementor-post-type=\"page\">\n\t\t\t\t<div class=\"elementor-element elementor-element-2eaba99a e-flex e-con-boxed e-con e-parent\" data-id=\"2eaba99a\" data-element_type=\"container\" data-e-type=\"container\" data-settings=\"{&quot;background_background&quot;:&quot;classic&quot;}\">\n\t\t\t\t\t<div class=\"e-con-inner\">\n\t\t\t\t<div class=\"elementor-element elementor-element-5845212 elementor-widget elementor-widget-heading\" data-id=\"5845212\" data-element_type=\"widget\" data-e-type=\"widget\" data-widget_type=\"heading.default\">\n\t\t\t\t\t<h2 class=\"elementor-heading-title elementor-size-default\">Mwaves for plastic<\/h2>\t\t\t\t<\/div>\n\t\t\t\t\t<\/div>\n\t\t\t\t<\/div>\n\t\t<div class=\"elementor-element elementor-element-e3332bf e-flex e-con-boxed e-con e-parent\" data-id=\"e3332bf\" data-element_type=\"container\" data-e-type=\"container\" data-settings=\"{&quot;background_background&quot;:&quot;classic&quot;}\">\n\t\t\t\t\t<div class=\"e-con-inner\">\n\t\t\t\t<div class=\"elementor-element elementor-element-1aee603 elementor-widget elementor-widget-text-editor\" data-id=\"1aee603\" data-element_type=\"widget\" data-e-type=\"widget\" data-widget_type=\"text-editor.default\">\n\t\t\t\t\t\t\t\t\t\u201cMWAVES for plastic\u201d \u00e8 un progetto di ricerca e sviluppo di un sistema che permette di individuare le plastiche e di distinguerle e differenziarle correttamente.\t\t\t\t\t\t\t\t<\/div>\n\t\t\t\t\t<\/div>\n\t\t\t\t<\/div>\n\t\t<div class=\"elementor-element elementor-element-4d90cc1 e-flex e-con-boxed e-con e-parent\" data-id=\"4d90cc1\" data-element_type=\"container\" data-e-type=\"container\" data-settings=\"{&quot;background_background&quot;:&quot;classic&quot;}\">\n\t\t\t\t\t<div class=\"e-con-inner\">\n\t\t\t\t<div class=\"elementor-element elementor-element-bdfb571 elementor-widget elementor-widget-text-editor\" data-id=\"bdfb571\" data-element_type=\"widget\" data-e-type=\"widget\" data-widget_type=\"text-editor.default\">\n\t\t\t\t\t\t\t\t\tOBIETTIVO PRINCIPALE DELL\u2019ATTIVITA\u2019\t\t\t\t\t\t\t\t<\/div>\n\t\t\t\t<div class=\"elementor-element elementor-element-44fe18f elementor-widget elementor-widget-text-editor\" data-id=\"44fe18f\" data-element_type=\"widget\" data-e-type=\"widget\" data-widget_type=\"text-editor.default\">\n\t\t\t\t\t\t\t\t\tLe plastiche sono tra i grandi temi discussi nell\u2019ambito della sostenibilit\u00e0. A causa dell\u2019enorme scala di produzione e dell\u2019ampia gamma di applicazioni, l\u2019eliminazione completa della plastica \u00e8 attualmente fuori discussione. Il riciclo \u00e8 una delle strade attualmente pi\u00f9 battute per ridurne l\u2019impatto sull\u2019ambiente. Sono per\u00f2 evidenti due ostacoli:\n<ol><br>\n \t<li>La difficolt\u00e0 nel processo di produzione di usare plastiche riciclate\/rigenerate perch\u00e9 il grado di purezza della materia prima \u00e8 uno dei requisiti indispensabili per poter reintrodurre il materiale nel processo produttivo. Ad esempio, una miscela di plastiche poco pura e pulita non si riesce a ristampare;<\/li>\n \t<li>La difficolt\u00e0 di creare una soluzione per la differenziazione dei rifiuti che ne garantisca la pulizia e l\u2019omogeneit\u00e0.<\/li>\n<\/ol><br>\nInoltre, la frazione conferita comprende varie tipologie di plastiche (PET, PVC, PS, EPS, ecc.), non separate per impossibilit\u00e0 gestionale e culturalmente (poco conosciute).\n<br><br>\nIl progetto si propone di realizzare un sensore in grado di distinguere un tipo di plastica dall\u2019altro e permetterebbe tramite dei selezionatori meccanici di raggruppare plastiche per tipo. In questo modo i flakes di plastica, a seconda del tipo, subirebbero trattamenti chimici e verrebbero ritrasformati in estrusi e tondi di elevata purezza compatibili con il mercato a favore dell\u2019economia circolare.\t\t\t\t\t\t\t\t<\/div>\n\t\t\t\t<div class=\"elementor-element elementor-element-70f47d8 elementor-widget elementor-widget-image\" data-id=\"70f47d8\" data-element_type=\"widget\" data-e-type=\"widget\" data-widget_type=\"image.default\">\n\t\t\t\t\t\t\t\t\t\t\t\t\t\t\t<img fetchpriority=\"high\" decoding=\"async\" width=\"2575\" height=\"497\" src=\"https:\/\/staging.imalpal.com\/wp-content\/uploads\/2023\/07\/Loghi_CoesioneITA_UE_REP_ER_21-27_compatta_colore.png\" class=\"attachment-full size-full wp-image-6041\" alt=\"\" srcset=\"https:\/\/staging.imalpal.com\/wp-content\/uploads\/2023\/07\/Loghi_CoesioneITA_UE_REP_ER_21-27_compatta_colore.png 2575w, https:\/\/staging.imalpal.com\/wp-content\/uploads\/2023\/07\/Loghi_CoesioneITA_UE_REP_ER_21-27_compatta_colore-300x58.png 300w, https:\/\/staging.imalpal.com\/wp-content\/uploads\/2023\/07\/Loghi_CoesioneITA_UE_REP_ER_21-27_compatta_colore-1024x198.png 1024w, https:\/\/staging.imalpal.com\/wp-content\/uploads\/2023\/07\/Loghi_CoesioneITA_UE_REP_ER_21-27_compatta_colore-768x148.png 768w, https:\/\/staging.imalpal.com\/wp-content\/uploads\/2023\/07\/Loghi_CoesioneITA_UE_REP_ER_21-27_compatta_colore-1536x296.png 1536w, https:\/\/staging.imalpal.com\/wp-content\/uploads\/2023\/07\/Loghi_CoesioneITA_UE_REP_ER_21-27_compatta_colore-2048x395.png 2048w, https:\/\/staging.imalpal.com\/wp-content\/uploads\/2023\/07\/Loghi_CoesioneITA_UE_REP_ER_21-27_compatta_colore-640x124.png 640w, https:\/\/staging.imalpal.com\/wp-content\/uploads\/2023\/07\/Loghi_CoesioneITA_UE_REP_ER_21-27_compatta_colore-1200x232.png 1200w, https:\/\/staging.imalpal.com\/wp-content\/uploads\/2023\/07\/Loghi_CoesioneITA_UE_REP_ER_21-27_compatta_colore-1920x371.png 1920w\" sizes=\"(max-width: 2575px) 100vw, 2575px\" \/>\t\t\t\t\t\t\t\t\t\t\t\t\t\t\t<\/div>\n\t\t\t\t\t<\/div>\n\t\t\t\t<\/div>\n\t\t\t\t<\/div>","protected":false},"excerpt":{"rendered":"<p>Mwaves for plastic \u201cMWAVES for plastic\u201d is a Research and Development project aimed at identifying and differentiating plastics correctly.TARGET OF THE RESEARCHPlastics are amongst one of the major themes discussed within the topic of sustainability. Due to the huge production scale and wide range of applications, eliminating plastic completely is out of the question. Recycling [&hellip;]<\/p>\n","protected":false},"author":6,"featured_media":0,"parent":0,"menu_order":0,"comment_status":"closed","ping_status":"closed","template":"","meta":{"_acf_changed":false,"footnotes":""},"class_list":["post-6038","page","type-page","status-publish","hentry"],"acf":[],"yoast_head":"<!-- This site is optimized with the Yoast SEO plugin v27.3 - https:\/\/yoast.com\/product\/yoast-seo-wordpress\/ -->\n<title>Mwaves for plastic - Imalpal Group<\/title>\n<meta name=\"description\" content=\"&quot;MWAVES&quot; \u00e8 un progetto di ricerca e sviluppo di un sistema che permette di individuare le plastiche e di distinguerle e differenziarle correttamente.\" \/>\n<meta name=\"robots\" content=\"noindex, follow, max-snippet:-1, max-image-preview:large, max-video-preview:-1\" \/>\n<meta property=\"og:locale\" content=\"it_IT\" \/>\n<meta property=\"og:type\" content=\"article\" \/>\n<meta property=\"og:title\" content=\"Mwaves for plastic - Imalpal Group\" \/>\n<meta property=\"og:description\" content=\"&quot;MWAVES&quot; \u00e8 un progetto di ricerca e sviluppo di un sistema che permette di individuare le plastiche e di distinguerle e differenziarle correttamente.\" \/>\n<meta property=\"og:url\" content=\"https:\/\/staging.imalpal.com\/it\/mwaves-for-plastic\/\" \/>\n<meta property=\"og:site_name\" content=\"Imalpal Group\" \/>\n<meta property=\"article:modified_time\" content=\"2026-03-31T07:47:52+00:00\" \/>\n<meta property=\"og:image\" content=\"https:\/\/staging.imalpal.com\/wp-content\/uploads\/2023\/07\/Loghi_CoesioneITA_UE_REP_ER_21-27_compatta_colore.png\" \/>\n\t<meta property=\"og:image:width\" content=\"2575\" \/>\n\t<meta property=\"og:image:height\" content=\"497\" \/>\n\t<meta property=\"og:image:type\" content=\"image\/png\" \/>\n<meta name=\"twitter:card\" content=\"summary_large_image\" \/>\n<meta name=\"twitter:label1\" content=\"Tempo di lettura stimato\" \/>\n\t<meta name=\"twitter:data1\" content=\"2 minuti\" \/>\n<script type=\"application\/ld+json\" class=\"yoast-schema-graph\">{\"@context\":\"https:\\\/\\\/schema.org\",\"@graph\":[{\"@type\":\"WebPage\",\"@id\":\"https:\\\/\\\/staging.imalpal.com\\\/mwaves-for-plastic\\\/\",\"url\":\"https:\\\/\\\/staging.imalpal.com\\\/mwaves-for-plastic\\\/\",\"name\":\"Mwaves for plastic - Imalpal Group\",\"isPartOf\":{\"@id\":\"https:\\\/\\\/staging.imalpal.com\\\/#website\"},\"primaryImageOfPage\":{\"@id\":\"https:\\\/\\\/staging.imalpal.com\\\/mwaves-for-plastic\\\/#primaryimage\"},\"image\":{\"@id\":\"https:\\\/\\\/staging.imalpal.com\\\/mwaves-for-plastic\\\/#primaryimage\"},\"thumbnailUrl\":\"https:\\\/\\\/staging.imalpal.com\\\/wp-content\\\/uploads\\\/2023\\\/07\\\/Loghi_CoesioneITA_UE_REP_ER_21-27_compatta_colore.png\",\"datePublished\":\"2023-07-28T06:48:19+00:00\",\"dateModified\":\"2026-03-31T07:47:52+00:00\",\"description\":\"\\\"MWAVES\\\" \u00e8 un progetto di ricerca e sviluppo di un sistema che permette di individuare le plastiche e di distinguerle e differenziarle correttamente.\",\"breadcrumb\":{\"@id\":\"https:\\\/\\\/staging.imalpal.com\\\/mwaves-for-plastic\\\/#breadcrumb\"},\"inLanguage\":\"it-IT\",\"potentialAction\":[{\"@type\":\"ReadAction\",\"target\":[\"https:\\\/\\\/staging.imalpal.com\\\/mwaves-for-plastic\\\/\"]}]},{\"@type\":\"ImageObject\",\"inLanguage\":\"it-IT\",\"@id\":\"https:\\\/\\\/staging.imalpal.com\\\/mwaves-for-plastic\\\/#primaryimage\",\"url\":\"https:\\\/\\\/staging.imalpal.com\\\/wp-content\\\/uploads\\\/2023\\\/07\\\/Loghi_CoesioneITA_UE_REP_ER_21-27_compatta_colore.png\",\"contentUrl\":\"https:\\\/\\\/staging.imalpal.com\\\/wp-content\\\/uploads\\\/2023\\\/07\\\/Loghi_CoesioneITA_UE_REP_ER_21-27_compatta_colore.png\"},{\"@type\":\"BreadcrumbList\",\"@id\":\"https:\\\/\\\/staging.imalpal.com\\\/mwaves-for-plastic\\\/#breadcrumb\",\"itemListElement\":[{\"@type\":\"ListItem\",\"position\":1,\"name\":\"Home\",\"item\":\"https:\\\/\\\/staging.imalpal.com\\\/\"},{\"@type\":\"ListItem\",\"position\":2,\"name\":\"Mwaves for plastic\"}]},{\"@type\":\"WebSite\",\"@id\":\"https:\\\/\\\/staging.imalpal.com\\\/#website\",\"url\":\"https:\\\/\\\/staging.imalpal.com\\\/\",\"name\":\"Imalpal Group\",\"description\":\"Growing with you\",\"publisher\":{\"@id\":\"https:\\\/\\\/staging.imalpal.com\\\/#organization\"},\"potentialAction\":[{\"@type\":\"SearchAction\",\"target\":{\"@type\":\"EntryPoint\",\"urlTemplate\":\"https:\\\/\\\/staging.imalpal.com\\\/?s={search_term_string}\"},\"query-input\":{\"@type\":\"PropertyValueSpecification\",\"valueRequired\":true,\"valueName\":\"search_term_string\"}}],\"inLanguage\":\"it-IT\"},{\"@type\":\"Organization\",\"@id\":\"https:\\\/\\\/staging.imalpal.com\\\/#organization\",\"name\":\"Imalpal Group\",\"url\":\"https:\\\/\\\/staging.imalpal.com\\\/\",\"logo\":{\"@type\":\"ImageObject\",\"inLanguage\":\"it-IT\",\"@id\":\"https:\\\/\\\/staging.imalpal.com\\\/#\\\/schema\\\/logo\\\/image\\\/\",\"url\":\"https:\\\/\\\/staging.imalpal.com\\\/wp-content\\\/uploads\\\/2023\\\/01\\\/logo.png\",\"contentUrl\":\"https:\\\/\\\/staging.imalpal.com\\\/wp-content\\\/uploads\\\/2023\\\/01\\\/logo.png\",\"width\":266,\"height\":79,\"caption\":\"Imalpal Group\"},\"image\":{\"@id\":\"https:\\\/\\\/staging.imalpal.com\\\/#\\\/schema\\\/logo\\\/image\\\/\"}}]}<\/script>\n<!-- \/ Yoast SEO plugin. -->","yoast_head_json":{"title":"Mwaves for plastic - Imalpal Group","description":"\"MWAVES\" \u00e8 un progetto di ricerca e sviluppo di un sistema che permette di individuare le plastiche e di distinguerle e differenziarle correttamente.","robots":{"index":"noindex","follow":"follow","max-snippet":"max-snippet:-1","max-image-preview":"max-image-preview:large","max-video-preview":"max-video-preview:-1"},"og_locale":"it_IT","og_type":"article","og_title":"Mwaves for plastic - Imalpal Group","og_description":"\"MWAVES\" \u00e8 un progetto di ricerca e sviluppo di un sistema che permette di individuare le plastiche e di distinguerle e differenziarle correttamente.","og_url":"https:\/\/staging.imalpal.com\/it\/mwaves-for-plastic\/","og_site_name":"Imalpal Group","article_modified_time":"2026-03-31T07:47:52+00:00","og_image":[{"width":2575,"height":497,"url":"https:\/\/staging.imalpal.com\/wp-content\/uploads\/2023\/07\/Loghi_CoesioneITA_UE_REP_ER_21-27_compatta_colore.png","type":"image\/png"}],"twitter_card":"summary_large_image","twitter_misc":{"Tempo di lettura stimato":"2 minuti"},"schema":{"@context":"https:\/\/schema.org","@graph":[{"@type":"WebPage","@id":"https:\/\/staging.imalpal.com\/mwaves-for-plastic\/","url":"https:\/\/staging.imalpal.com\/mwaves-for-plastic\/","name":"Mwaves for plastic - Imalpal Group","isPartOf":{"@id":"https:\/\/staging.imalpal.com\/#website"},"primaryImageOfPage":{"@id":"https:\/\/staging.imalpal.com\/mwaves-for-plastic\/#primaryimage"},"image":{"@id":"https:\/\/staging.imalpal.com\/mwaves-for-plastic\/#primaryimage"},"thumbnailUrl":"https:\/\/staging.imalpal.com\/wp-content\/uploads\/2023\/07\/Loghi_CoesioneITA_UE_REP_ER_21-27_compatta_colore.png","datePublished":"2023-07-28T06:48:19+00:00","dateModified":"2026-03-31T07:47:52+00:00","description":"\"MWAVES\" \u00e8 un progetto di ricerca e sviluppo di un sistema che permette di individuare le plastiche e di distinguerle e differenziarle correttamente.","breadcrumb":{"@id":"https:\/\/staging.imalpal.com\/mwaves-for-plastic\/#breadcrumb"},"inLanguage":"it-IT","potentialAction":[{"@type":"ReadAction","target":["https:\/\/staging.imalpal.com\/mwaves-for-plastic\/"]}]},{"@type":"ImageObject","inLanguage":"it-IT","@id":"https:\/\/staging.imalpal.com\/mwaves-for-plastic\/#primaryimage","url":"https:\/\/staging.imalpal.com\/wp-content\/uploads\/2023\/07\/Loghi_CoesioneITA_UE_REP_ER_21-27_compatta_colore.png","contentUrl":"https:\/\/staging.imalpal.com\/wp-content\/uploads\/2023\/07\/Loghi_CoesioneITA_UE_REP_ER_21-27_compatta_colore.png"},{"@type":"BreadcrumbList","@id":"https:\/\/staging.imalpal.com\/mwaves-for-plastic\/#breadcrumb","itemListElement":[{"@type":"ListItem","position":1,"name":"Home","item":"https:\/\/staging.imalpal.com\/"},{"@type":"ListItem","position":2,"name":"Mwaves for plastic"}]},{"@type":"WebSite","@id":"https:\/\/staging.imalpal.com\/#website","url":"https:\/\/staging.imalpal.com\/","name":"Imalpal Group","description":"Cresciamo con voi","publisher":{"@id":"https:\/\/staging.imalpal.com\/#organization"},"potentialAction":[{"@type":"SearchAction","target":{"@type":"EntryPoint","urlTemplate":"https:\/\/staging.imalpal.com\/?s={search_term_string}"},"query-input":{"@type":"PropertyValueSpecification","valueRequired":true,"valueName":"search_term_string"}}],"inLanguage":"it-IT"},{"@type":"Organization","@id":"https:\/\/staging.imalpal.com\/#organization","name":"Imalpal Group","url":"https:\/\/staging.imalpal.com\/","logo":{"@type":"ImageObject","inLanguage":"it-IT","@id":"https:\/\/staging.imalpal.com\/#\/schema\/logo\/image\/","url":"https:\/\/staging.imalpal.com\/wp-content\/uploads\/2023\/01\/logo.png","contentUrl":"https:\/\/staging.imalpal.com\/wp-content\/uploads\/2023\/01\/logo.png","width":266,"height":79,"caption":"Imalpal Group"},"image":{"@id":"https:\/\/staging.imalpal.com\/#\/schema\/logo\/image\/"}}]}},"_links":{"self":[{"href":"https:\/\/staging.imalpal.com\/it\/wp-json\/wp\/v2\/pages\/6038","targetHints":{"allow":["GET"]}}],"collection":[{"href":"https:\/\/staging.imalpal.com\/it\/wp-json\/wp\/v2\/pages"}],"about":[{"href":"https:\/\/staging.imalpal.com\/it\/wp-json\/wp\/v2\/types\/page"}],"author":[{"embeddable":true,"href":"https:\/\/staging.imalpal.com\/it\/wp-json\/wp\/v2\/users\/6"}],"replies":[{"embeddable":true,"href":"https:\/\/staging.imalpal.com\/it\/wp-json\/wp\/v2\/comments?post=6038"}],"version-history":[{"count":33,"href":"https:\/\/staging.imalpal.com\/it\/wp-json\/wp\/v2\/pages\/6038\/revisions"}],"predecessor-version":[{"id":14567,"href":"https:\/\/staging.imalpal.com\/it\/wp-json\/wp\/v2\/pages\/6038\/revisions\/14567"}],"wp:attachment":[{"href":"https:\/\/staging.imalpal.com\/it\/wp-json\/wp\/v2\/media?parent=6038"}],"curies":[{"name":"wp","href":"https:\/\/api.w.org\/{rel}","templated":true}]}}