{"id":1868,"date":"2023-02-01T18:06:35","date_gmt":"2023-02-01T17:06:35","guid":{"rendered":"https:\/\/www.imalpal.com\/our-group\/"},"modified":"2026-03-20T16:13:02","modified_gmt":"2026-03-20T15:13:02","slug":"our-history","status":"publish","type":"page","link":"https:\/\/staging.imalpal.com\/it\/our-history\/","title":{"rendered":"La nostra storia"},"content":{"rendered":"<div data-elementor-type=\"wp-page\" data-elementor-id=\"1868\" class=\"elementor elementor-1868\" data-elementor-post-type=\"page\">\n\t\t\t\t<div class=\"elementor-element elementor-element-29f9257 e-flex e-con-boxed e-con e-parent\" data-id=\"29f9257\" data-element_type=\"container\" data-e-type=\"container\" data-settings=\"{&quot;background_background&quot;:&quot;classic&quot;}\">\n\t\t\t\t\t<div class=\"e-con-inner\">\n\t\t<div class=\"elementor-element elementor-element-1418f72 e-con-full e-flex e-con e-child\" data-id=\"1418f72\" data-element_type=\"container\" data-e-type=\"container\">\n\t\t\t\t<div class=\"elementor-element elementor-element-06d94f1 elementor-widget elementor-widget-heading\" data-id=\"06d94f1\" data-element_type=\"widget\" data-e-type=\"widget\" data-widget_type=\"heading.default\">\n\t\t\t\t\t<h2 class=\"elementor-heading-title elementor-size-default\">La nostra storia<\/h2>\t\t\t\t<\/div>\n\t\t\t\t<div class=\"elementor-element elementor-element-a3cd9c5 elementor-widget__width-initial elementor-widget elementor-widget-text-editor\" data-id=\"a3cd9c5\" data-element_type=\"widget\" data-e-type=\"widget\" data-widget_type=\"text-editor.default\">\n\t\t\t\t\t\t\t\t\t<p>La prima nata tra le aziende che formeranno poi il Gruppo IMALPAL fu IMAL, nel 1970. Nei suoi primi anni di attivit\u00e0 IMAL si specializza nei sistemi di dosaggio e miscelazione. Negli anni seguenti l\u2019azienda, in forte crescita e grazie a un coeso team di esperti ingegneri, investe nella progettazione e produzione di macchine per il controllo qualit\u00e0 in linea, di attrezzature per test di laboratorio.<\/p><p>Nel frattempo, nel 1978, nasce PAL pioniera nei sistemi di selezione, classificazione e pulizia dei materiali in ingresso. Sempre in quegli anni, avvia la sua attivit\u00e0 anche GLOBUS.<\/p><p class=\"translation-block\">\u00c8 il 1981. L\u2019azienda si specializza fin da subito in sistemi di scortecciatura, cippatura e in tutte le attrezzature che permettono la gestione del parco legname e la preparazione del materiale in ingresso.\nTre aziende apparentemente distanti che hanno per\u00f2 in comune la volont\u00e0 di essere le migliori nel loro ambito, tutte spronate a fare di pi\u00f9 e a farlo sempre meglio.<\/p>\t\t\t\t\t\t\t\t<\/div>\n\t\t\t\t<\/div>\n\t\t<div class=\"elementor-element elementor-element-2b30a62 e-con-full e-flex e-con e-child\" data-id=\"2b30a62\" data-element_type=\"container\" data-e-type=\"container\">\n\t\t\t\t<div class=\"elementor-element elementor-element-4b7eaac elementor-widget elementor-widget-image\" data-id=\"4b7eaac\" data-element_type=\"widget\" data-e-type=\"widget\" data-widget_type=\"image.default\">\n\t\t\t\t\t\t\t\t\t\t\t\t\t\t\t<img fetchpriority=\"high\" decoding=\"async\" width=\"800\" height=\"507\" src=\"https:\/\/staging.imalpal.com\/wp-content\/uploads\/2023\/05\/IMALPAL-OurGroup-History-2-1024x649.jpg\" class=\"attachment-large size-large wp-image-4531\" alt=\"Our History\" srcset=\"https:\/\/staging.imalpal.com\/wp-content\/uploads\/2023\/05\/IMALPAL-OurGroup-History-2-1024x649.jpg 1024w, https:\/\/staging.imalpal.com\/wp-content\/uploads\/2023\/05\/IMALPAL-OurGroup-History-2-300x190.jpg 300w, https:\/\/staging.imalpal.com\/wp-content\/uploads\/2023\/05\/IMALPAL-OurGroup-History-2-768x487.jpg 768w, https:\/\/staging.imalpal.com\/wp-content\/uploads\/2023\/05\/IMALPAL-OurGroup-History-2-1536x973.jpg 1536w, https:\/\/staging.imalpal.com\/wp-content\/uploads\/2023\/05\/IMALPAL-OurGroup-History-2-640x406.jpg 640w, https:\/\/staging.imalpal.com\/wp-content\/uploads\/2023\/05\/IMALPAL-OurGroup-History-2-1200x761.jpg 1200w, https:\/\/staging.imalpal.com\/wp-content\/uploads\/2023\/05\/IMALPAL-OurGroup-History-2.jpg 1600w\" sizes=\"(max-width: 800px) 100vw, 800px\" \/>\t\t\t\t\t\t\t\t\t\t\t\t\t\t\t<\/div>\n\t\t\t\t<\/div>\n\t\t\t\t\t<\/div>\n\t\t\t\t<\/div>\n\t\t<div class=\"elementor-element elementor-element-d841bf1 e-flex e-con-boxed e-con e-parent\" data-id=\"d841bf1\" data-element_type=\"container\" data-e-type=\"container\" data-settings=\"{&quot;background_background&quot;:&quot;classic&quot;}\">\n\t\t\t\t\t<div class=\"e-con-inner\">\n\t\t<div class=\"elementor-element elementor-element-4a980a3 e-con-full e-flex e-con e-child\" data-id=\"4a980a3\" data-element_type=\"container\" data-e-type=\"container\">\n\t\t\t\t<div class=\"elementor-element elementor-element-144d62f elementor-widget elementor-widget-image\" data-id=\"144d62f\" data-element_type=\"widget\" data-e-type=\"widget\" data-widget_type=\"image.default\">\n\t\t\t\t\t\t\t\t\t\t\t\t\t\t\t<img decoding=\"async\" width=\"800\" height=\"507\" src=\"https:\/\/staging.imalpal.com\/wp-content\/uploads\/2023\/03\/IMALPAL-OurGroup-History-2-1024x649.jpg\" class=\"attachment-large size-large wp-image-1707\" alt=\"Our History\" srcset=\"https:\/\/staging.imalpal.com\/wp-content\/uploads\/2023\/03\/IMALPAL-OurGroup-History-2-1024x649.jpg 1024w, https:\/\/staging.imalpal.com\/wp-content\/uploads\/2023\/03\/IMALPAL-OurGroup-History-2-300x190.jpg 300w, https:\/\/staging.imalpal.com\/wp-content\/uploads\/2023\/03\/IMALPAL-OurGroup-History-2-768x487.jpg 768w, https:\/\/staging.imalpal.com\/wp-content\/uploads\/2023\/03\/IMALPAL-OurGroup-History-2-1536x974.jpg 1536w, https:\/\/staging.imalpal.com\/wp-content\/uploads\/2023\/03\/IMALPAL-OurGroup-History-2-2048x1298.jpg 2048w, https:\/\/staging.imalpal.com\/wp-content\/uploads\/2023\/03\/IMALPAL-OurGroup-History-2-640x406.jpg 640w, https:\/\/staging.imalpal.com\/wp-content\/uploads\/2023\/03\/IMALPAL-OurGroup-History-2-1200x761.jpg 1200w, https:\/\/staging.imalpal.com\/wp-content\/uploads\/2023\/03\/IMALPAL-OurGroup-History-2-1920x1217.jpg 1920w\" sizes=\"(max-width: 800px) 100vw, 800px\" \/>\t\t\t\t\t\t\t\t\t\t\t\t\t\t\t<\/div>\n\t\t\t\t<\/div>\n\t\t<div class=\"elementor-element elementor-element-35239c3 e-con-full e-flex e-con e-child\" data-id=\"35239c3\" data-element_type=\"container\" data-e-type=\"container\">\n\t\t\t\t<div class=\"elementor-element elementor-element-75fce73 elementor-widget elementor-widget-heading\" data-id=\"75fce73\" data-element_type=\"widget\" data-e-type=\"widget\" data-widget_type=\"heading.default\">\n\t\t\t\t\t<h2 class=\"elementor-heading-title elementor-size-default\">L\u2019unione che ha fatto la forza\n<\/h2>\t\t\t\t<\/div>\n\t\t\t\t<div class=\"elementor-element elementor-element-22176ac elementor-widget__width-initial elementor-widget elementor-widget-text-editor\" data-id=\"22176ac\" data-element_type=\"widget\" data-e-type=\"widget\" data-widget_type=\"text-editor.default\">\n\t\t\t\t\t\t\t\t\t<p>Con il tempo, i confini tra i campi di competenza di ciascuna azienda diventano sempre meno definiti e il know-how di una diventa indispensabile all\u2019altra e viceversa.<\/p><p>Dapprima IMAL e PAL stringono una partnership che loro stessi definiscono \u201csinergia\u201d. \u00c8 il 1998. Passano dieci anni e nel 2008 consolidano questa sinergia e danno vita al Gruppo IMALPAL. Nel 2012 il Gruppo si allarga con l\u2019ingresso di Globus.<\/p><p>In anni pi\u00f9 recenti, attraverso fusioni e acquisizioni, si aggiungono PSP, PMI e ITALSORT, completando e ampliando cos\u00ec le potenzialit\u00e0 del Gruppo.<\/p>\t\t\t\t\t\t\t\t<\/div>\n\t\t\t\t<\/div>\n\t\t\t\t\t<\/div>\n\t\t\t\t<\/div>\n\t\t<div class=\"elementor-element elementor-element-aa3db99 e-flex e-con-boxed e-con e-parent\" data-id=\"aa3db99\" data-element_type=\"container\" data-e-type=\"container\" data-settings=\"{&quot;background_background&quot;:&quot;classic&quot;}\">\n\t\t\t\t\t<div class=\"e-con-inner\">\n\t\t<div class=\"elementor-element elementor-element-791b88f e-con-full e-flex e-con e-child\" data-id=\"791b88f\" data-element_type=\"container\" data-e-type=\"container\">\n\t\t\t\t<div class=\"elementor-element elementor-element-c204942 elementor-widget elementor-widget-heading\" data-id=\"c204942\" data-element_type=\"widget\" data-e-type=\"widget\" data-widget_type=\"heading.default\">\n\t\t\t\t\t<h2 class=\"elementor-heading-title elementor-size-default\">Cresciamo con voi\n<\/h2>\t\t\t\t<\/div>\n\t\t\t\t<div class=\"elementor-element elementor-element-1658615 elementor-widget__width-initial elementor-widget elementor-widget-text-editor\" data-id=\"1658615\" data-element_type=\"widget\" data-e-type=\"widget\" data-widget_type=\"text-editor.default\">\n\t\t\t\t\t\t\t\t\t<p>Negli ultimi dieci anni, nel suo impegno continuo di evolvere e progredire, il gruppo ha adattato e applicato la sua lunga esperienza, know-how e soluzioni innovative per entrare in nuovi mercati nell\u2019industria del legno come ad esempio impianti energetici di biomassa, sistemi di essiccazione e produzione di energia.<\/p><p>Di recente, il gruppo ha anche sviluppato nuovi sistemi per il trattamento dei rifiuti industriali e municipali per ottimizzare il recupero di materiale da utilizzare per la produzione di energia e minimizzare i rifiuti destinati alle discariche.<\/p>\t\t\t\t\t\t\t\t<\/div>\n\t\t\t\t<\/div>\n\t\t<div class=\"elementor-element elementor-element-72192b4 e-con-full e-flex e-con e-child\" data-id=\"72192b4\" data-element_type=\"container\" data-e-type=\"container\">\n\t\t\t\t<div class=\"elementor-element elementor-element-919ac3e elementor-widget elementor-widget-image\" data-id=\"919ac3e\" data-element_type=\"widget\" data-e-type=\"widget\" data-widget_type=\"image.default\">\n\t\t\t\t\t\t\t\t\t\t\t\t\t\t\t<img decoding=\"async\" width=\"800\" height=\"526\" src=\"https:\/\/staging.imalpal.com\/wp-content\/uploads\/2023\/02\/Gruppo-di-maschere-65.png\" class=\"attachment-large size-large wp-image-843\" alt=\"Our History\" srcset=\"https:\/\/staging.imalpal.com\/wp-content\/uploads\/2023\/02\/Gruppo-di-maschere-65.png 924w, https:\/\/staging.imalpal.com\/wp-content\/uploads\/2023\/02\/Gruppo-di-maschere-65-300x197.png 300w, https:\/\/staging.imalpal.com\/wp-content\/uploads\/2023\/02\/Gruppo-di-maschere-65-768x505.png 768w, https:\/\/staging.imalpal.com\/wp-content\/uploads\/2023\/02\/Gruppo-di-maschere-65-640x421.png 640w\" sizes=\"(max-width: 800px) 100vw, 800px\" \/>\t\t\t\t\t\t\t\t\t\t\t\t\t\t\t<\/div>\n\t\t\t\t<\/div>\n\t\t\t\t\t<\/div>\n\t\t\t\t<\/div>\n\t\t\t\t<\/div>","protected":false},"excerpt":{"rendered":"<p>Our history The first of the companies to be founded, that will later form the IMALPAL Group, was IMAL in 1970. In its early years, IMAL specialized in dosing and blending systems. In the years to follow, after experiencing a rapid growth and thanks to a cohesive team of expert engineers, the company invested in [&hellip;]<\/p>\n","protected":false},"author":2,"featured_media":0,"parent":0,"menu_order":0,"comment_status":"closed","ping_status":"closed","template":"","meta":{"_acf_changed":false,"footnotes":""},"class_list":["post-1868","page","type-page","status-publish","hentry"],"acf":[],"yoast_head":"<!-- This site is optimized with the Yoast SEO plugin v27.3 - https:\/\/yoast.com\/product\/yoast-seo-wordpress\/ -->\n<title>Our History - Imalpal Group<\/title>\n<meta name=\"description\" content=\"Discover the history of the imalpal group from its inception to the present; ours is a constantly evolving journey.\" \/>\n<meta name=\"robots\" content=\"noindex, follow, max-snippet:-1, max-image-preview:large, max-video-preview:-1\" \/>\n<meta property=\"og:locale\" content=\"it_IT\" \/>\n<meta property=\"og:type\" content=\"article\" \/>\n<meta property=\"og:title\" content=\"Our History - Imalpal Group\" \/>\n<meta property=\"og:description\" content=\"Discover the history of the imalpal group from its inception to the present; ours is a constantly evolving journey.\" \/>\n<meta property=\"og:url\" content=\"https:\/\/staging.imalpal.com\/it\/our-history\/\" \/>\n<meta property=\"og:site_name\" content=\"Imalpal Group\" \/>\n<meta property=\"article:modified_time\" content=\"2026-03-20T15:13:02+00:00\" \/>\n<meta property=\"og:image\" content=\"https:\/\/staging.imalpal.com\/wp-content\/uploads\/2023\/05\/IMALPAL-OurGroup-History-2.jpg\" \/>\n\t<meta property=\"og:image:width\" content=\"1600\" \/>\n\t<meta property=\"og:image:height\" content=\"1014\" \/>\n\t<meta property=\"og:image:type\" content=\"image\/jpeg\" \/>\n<meta name=\"twitter:card\" content=\"summary_large_image\" \/>\n<meta name=\"twitter:label1\" content=\"Tempo di lettura stimato\" \/>\n\t<meta name=\"twitter:data1\" content=\"2 minuti\" \/>\n<script type=\"application\/ld+json\" class=\"yoast-schema-graph\">{\"@context\":\"https:\\\/\\\/schema.org\",\"@graph\":[{\"@type\":\"WebPage\",\"@id\":\"https:\\\/\\\/staging.imalpal.com\\\/our-history\\\/\",\"url\":\"https:\\\/\\\/staging.imalpal.com\\\/our-history\\\/\",\"name\":\"Our History - Imalpal Group\",\"isPartOf\":{\"@id\":\"https:\\\/\\\/staging.imalpal.com\\\/#website\"},\"primaryImageOfPage\":{\"@id\":\"https:\\\/\\\/staging.imalpal.com\\\/our-history\\\/#primaryimage\"},\"image\":{\"@id\":\"https:\\\/\\\/staging.imalpal.com\\\/our-history\\\/#primaryimage\"},\"thumbnailUrl\":\"https:\\\/\\\/staging.imalpal.com\\\/wp-content\\\/uploads\\\/2023\\\/05\\\/IMALPAL-OurGroup-History-2-1024x649.jpg\",\"datePublished\":\"2023-02-01T17:06:35+00:00\",\"dateModified\":\"2026-03-20T15:13:02+00:00\",\"description\":\"Discover the history of the imalpal group from its inception to the present; ours is a constantly evolving journey.\",\"breadcrumb\":{\"@id\":\"https:\\\/\\\/staging.imalpal.com\\\/our-history\\\/#breadcrumb\"},\"inLanguage\":\"it-IT\",\"potentialAction\":[{\"@type\":\"ReadAction\",\"target\":[\"https:\\\/\\\/staging.imalpal.com\\\/our-history\\\/\"]}]},{\"@type\":\"ImageObject\",\"inLanguage\":\"it-IT\",\"@id\":\"https:\\\/\\\/staging.imalpal.com\\\/our-history\\\/#primaryimage\",\"url\":\"https:\\\/\\\/staging.imalpal.com\\\/wp-content\\\/uploads\\\/2023\\\/05\\\/IMALPAL-OurGroup-History-2-1024x649.jpg\",\"contentUrl\":\"https:\\\/\\\/staging.imalpal.com\\\/wp-content\\\/uploads\\\/2023\\\/05\\\/IMALPAL-OurGroup-History-2-1024x649.jpg\"},{\"@type\":\"BreadcrumbList\",\"@id\":\"https:\\\/\\\/staging.imalpal.com\\\/our-history\\\/#breadcrumb\",\"itemListElement\":[{\"@type\":\"ListItem\",\"position\":1,\"name\":\"Home\",\"item\":\"https:\\\/\\\/staging.imalpal.com\\\/\"},{\"@type\":\"ListItem\",\"position\":2,\"name\":\"Our History\"}]},{\"@type\":\"WebSite\",\"@id\":\"https:\\\/\\\/staging.imalpal.com\\\/#website\",\"url\":\"https:\\\/\\\/staging.imalpal.com\\\/\",\"name\":\"Imalpal Group\",\"description\":\"Growing with you\",\"publisher\":{\"@id\":\"https:\\\/\\\/staging.imalpal.com\\\/#organization\"},\"potentialAction\":[{\"@type\":\"SearchAction\",\"target\":{\"@type\":\"EntryPoint\",\"urlTemplate\":\"https:\\\/\\\/staging.imalpal.com\\\/?s={search_term_string}\"},\"query-input\":{\"@type\":\"PropertyValueSpecification\",\"valueRequired\":true,\"valueName\":\"search_term_string\"}}],\"inLanguage\":\"it-IT\"},{\"@type\":\"Organization\",\"@id\":\"https:\\\/\\\/staging.imalpal.com\\\/#organization\",\"name\":\"Imalpal Group\",\"url\":\"https:\\\/\\\/staging.imalpal.com\\\/\",\"logo\":{\"@type\":\"ImageObject\",\"inLanguage\":\"it-IT\",\"@id\":\"https:\\\/\\\/staging.imalpal.com\\\/#\\\/schema\\\/logo\\\/image\\\/\",\"url\":\"https:\\\/\\\/staging.imalpal.com\\\/wp-content\\\/uploads\\\/2023\\\/01\\\/logo.png\",\"contentUrl\":\"https:\\\/\\\/staging.imalpal.com\\\/wp-content\\\/uploads\\\/2023\\\/01\\\/logo.png\",\"width\":266,\"height\":79,\"caption\":\"Imalpal Group\"},\"image\":{\"@id\":\"https:\\\/\\\/staging.imalpal.com\\\/#\\\/schema\\\/logo\\\/image\\\/\"}}]}<\/script>\n<!-- \/ Yoast SEO plugin. -->","yoast_head_json":{"title":"Our History - Imalpal Group","description":"Discover the history of the imalpal group from its inception to the present; ours is a constantly evolving journey.","robots":{"index":"noindex","follow":"follow","max-snippet":"max-snippet:-1","max-image-preview":"max-image-preview:large","max-video-preview":"max-video-preview:-1"},"og_locale":"it_IT","og_type":"article","og_title":"Our History - Imalpal Group","og_description":"Discover the history of the imalpal group from its inception to the present; ours is a constantly evolving journey.","og_url":"https:\/\/staging.imalpal.com\/it\/our-history\/","og_site_name":"Imalpal Group","article_modified_time":"2026-03-20T15:13:02+00:00","og_image":[{"width":1600,"height":1014,"url":"https:\/\/staging.imalpal.com\/wp-content\/uploads\/2023\/05\/IMALPAL-OurGroup-History-2.jpg","type":"image\/jpeg"}],"twitter_card":"summary_large_image","twitter_misc":{"Tempo di lettura stimato":"2 minuti"},"schema":{"@context":"https:\/\/schema.org","@graph":[{"@type":"WebPage","@id":"https:\/\/staging.imalpal.com\/our-history\/","url":"https:\/\/staging.imalpal.com\/our-history\/","name":"Our History - Imalpal Group","isPartOf":{"@id":"https:\/\/staging.imalpal.com\/#website"},"primaryImageOfPage":{"@id":"https:\/\/staging.imalpal.com\/our-history\/#primaryimage"},"image":{"@id":"https:\/\/staging.imalpal.com\/our-history\/#primaryimage"},"thumbnailUrl":"https:\/\/staging.imalpal.com\/wp-content\/uploads\/2023\/05\/IMALPAL-OurGroup-History-2-1024x649.jpg","datePublished":"2023-02-01T17:06:35+00:00","dateModified":"2026-03-20T15:13:02+00:00","description":"Discover the history of the imalpal group from its inception to the present; ours is a constantly evolving journey.","breadcrumb":{"@id":"https:\/\/staging.imalpal.com\/our-history\/#breadcrumb"},"inLanguage":"it-IT","potentialAction":[{"@type":"ReadAction","target":["https:\/\/staging.imalpal.com\/our-history\/"]}]},{"@type":"ImageObject","inLanguage":"it-IT","@id":"https:\/\/staging.imalpal.com\/our-history\/#primaryimage","url":"https:\/\/staging.imalpal.com\/wp-content\/uploads\/2023\/05\/IMALPAL-OurGroup-History-2-1024x649.jpg","contentUrl":"https:\/\/staging.imalpal.com\/wp-content\/uploads\/2023\/05\/IMALPAL-OurGroup-History-2-1024x649.jpg"},{"@type":"BreadcrumbList","@id":"https:\/\/staging.imalpal.com\/our-history\/#breadcrumb","itemListElement":[{"@type":"ListItem","position":1,"name":"Home","item":"https:\/\/staging.imalpal.com\/"},{"@type":"ListItem","position":2,"name":"Our History"}]},{"@type":"WebSite","@id":"https:\/\/staging.imalpal.com\/#website","url":"https:\/\/staging.imalpal.com\/","name":"Imalpal Group","description":"Cresciamo con voi","publisher":{"@id":"https:\/\/staging.imalpal.com\/#organization"},"potentialAction":[{"@type":"SearchAction","target":{"@type":"EntryPoint","urlTemplate":"https:\/\/staging.imalpal.com\/?s={search_term_string}"},"query-input":{"@type":"PropertyValueSpecification","valueRequired":true,"valueName":"search_term_string"}}],"inLanguage":"it-IT"},{"@type":"Organization","@id":"https:\/\/staging.imalpal.com\/#organization","name":"Imalpal Group","url":"https:\/\/staging.imalpal.com\/","logo":{"@type":"ImageObject","inLanguage":"it-IT","@id":"https:\/\/staging.imalpal.com\/#\/schema\/logo\/image\/","url":"https:\/\/staging.imalpal.com\/wp-content\/uploads\/2023\/01\/logo.png","contentUrl":"https:\/\/staging.imalpal.com\/wp-content\/uploads\/2023\/01\/logo.png","width":266,"height":79,"caption":"Imalpal Group"},"image":{"@id":"https:\/\/staging.imalpal.com\/#\/schema\/logo\/image\/"}}]}},"_links":{"self":[{"href":"https:\/\/staging.imalpal.com\/it\/wp-json\/wp\/v2\/pages\/1868","targetHints":{"allow":["GET"]}}],"collection":[{"href":"https:\/\/staging.imalpal.com\/it\/wp-json\/wp\/v2\/pages"}],"about":[{"href":"https:\/\/staging.imalpal.com\/it\/wp-json\/wp\/v2\/types\/page"}],"author":[{"embeddable":true,"href":"https:\/\/staging.imalpal.com\/it\/wp-json\/wp\/v2\/users\/2"}],"replies":[{"embeddable":true,"href":"https:\/\/staging.imalpal.com\/it\/wp-json\/wp\/v2\/comments?post=1868"}],"version-history":[{"count":82,"href":"https:\/\/staging.imalpal.com\/it\/wp-json\/wp\/v2\/pages\/1868\/revisions"}],"predecessor-version":[{"id":13879,"href":"https:\/\/staging.imalpal.com\/it\/wp-json\/wp\/v2\/pages\/1868\/revisions\/13879"}],"wp:attachment":[{"href":"https:\/\/staging.imalpal.com\/it\/wp-json\/wp\/v2\/media?parent=1868"}],"curies":[{"name":"wp","href":"https:\/\/api.w.org\/{rel}","templated":true}]}}